{"id":73,"date":"2023-02-18T18:45:23","date_gmt":"2023-02-18T18:45:23","guid":{"rendered":"https:\/\/konradwronski.pl\/index.php\/homepage\/"},"modified":"2023-08-22T06:21:40","modified_gmt":"2023-08-22T06:21:40","slug":"homepage","status":"publish","type":"page","link":"https:\/\/konradwronski.pl\/","title":{"rendered":"O mnie"},"content":{"rendered":"<p><!-- epsilon\/appointment --><\/p>\n<h2 style=\"text-align: center;\"><strong>Dr n. med. KONRAD WRO\u0143SKI<\/strong><\/h2>\n<p style=\"text-align: center;\"><span class=\"text-accent-color\">specjalista chirurgii og\u00f3lnej i onkologicznej, <strong>proktolog<\/strong><\/span><\/p>\n<p><img loading=\"lazy\" decoding=\"async\" class=\"alignnone  wp-image-121 aligncenter\" src=\"https:\/\/konradwronski.pl\/wp-content\/uploads\/2023\/02\/331556592_2380703632099127_3467046687701565749_n-293x300.jpg\" alt=\"\" width=\"506\" height=\"518\" srcset=\"https:\/\/konradwronski.pl\/wp-content\/uploads\/2023\/02\/331556592_2380703632099127_3467046687701565749_n-293x300.jpg 293w, https:\/\/konradwronski.pl\/wp-content\/uploads\/2023\/02\/331556592_2380703632099127_3467046687701565749_n-1002x1024.jpg 1002w, https:\/\/konradwronski.pl\/wp-content\/uploads\/2023\/02\/331556592_2380703632099127_3467046687701565749_n-768x785.jpg 768w, https:\/\/konradwronski.pl\/wp-content\/uploads\/2023\/02\/331556592_2380703632099127_3467046687701565749_n-1502x1536.jpg 1502w, https:\/\/konradwronski.pl\/wp-content\/uploads\/2023\/02\/331556592_2380703632099127_3467046687701565749_n-645x660.jpg 645w, https:\/\/konradwronski.pl\/wp-content\/uploads\/2023\/02\/331556592_2380703632099127_3467046687701565749_n-113x116.jpg 113w\" sizes=\"auto, (max-width: 506px) 100vw, 506px\" \/><\/p>\n<p>Jestem absolwentem Wydzia\u0142u Lekarskiego Uniwersytetu Medycznego w \u0141odzi, specjalist\u0105 chirurgii og\u00f3lnej i onkologicznej.<\/p>\n<p>Po zako\u0144czeniu studi\u00f3w na Uniwersytecie Medycznym w \u0141odzi, rozpocz\u0105\u0142em studia doktoranckie w Klinice Chirurgii Onkologicznej Uniwersytetu Medycznego w \u0141odzi pod kierunkiem profesora Arkadiusza Jeziorskiego. Po 4-ech latach nauki obroni\u0142em doktorat z zakresu chirurgii onkologicznej.<\/p>\n<p>Szkolenie specjalizacyjne z zakresu chirurgii og\u00f3lnej odbywa\u0142em w Klinice Chirurgii Og\u00f3lnej i Naczyniowej Wojew\u00f3dzkiego Szpitala Specjalistycznego im. Miko\u0142aja Pirogowa w \u0141odzi. To z tej Kliniki Chirurgicznej wywodz\u0105 si\u0119 najbardziej znani zar\u00f3wno w Polsce jak i poza jej granicami chirurdzy tacy jak: profesor Andrzej Alichniewicz, profesor Adam So\u0142tysiak, profesor Jan Berner, profesor Andrzej Joss czy profesor Adam Dziki.<\/p>\n<p>Szkolenie specjalizacyjne z zakresu chirurgii onkologicznej odbywa\u0142em w Oddziale Klinicznym Chirurgii Onkologicznej Szpitala MSWiA z Warmi\u0144sko-Mazurskim Centrum Onkologii w Olsztynie, a w p\u00f3\u017aniejszym okresie odbywa\u0142em r\u00f3\u017cnego rodzaju szkolenia z zakresu chirurgii raka \u017co\u0142\u0105dka, trzustki i jelita grubego mi\u0119dzy innymi w Klinice Chirurgii Gastroenterologicznej i Transplantacyjnej Szpitala MSWiA w Warszawie pod opiek\u0105 \u015bwiatowej s\u0142awy profesora Marka Durlika, w Klinice Chirurgii Gastroenterologicznej Polikliniki Uniwersyteckiej \u201eAgostino Gemelli\u201d w Rzymie (W\u0142ochy) i Oddziale Chirurgii Og\u00f3lnej Szpitala Regionalnego w Avellino (W\u0142ochy).<\/p>\n<p>Pracowa\u0142em jako starszy asystent w znanej zar\u00f3wno w Polsce jak i na \u015bwiecie Klinice Chirurgii Og\u00f3lnej i Kolorektalnej Uniwersytetu Medycznego w \u0141odzi, kierowanej przez \u015bwiatowej s\u0142awy proktologa i chirurga og\u00f3lnego &#8211; profesora Adama Dzikiego. Praca w Klinice przy profesorze Adamie Dzikim sprawi\u0142a, \u017ce moje zainteresowania zawodowe skupione s\u0105 na diagnostyce i leczeniu chor\u00f3b zwi\u0105zanych z przewodem pokarmowym, a w szczeg\u00f3lno\u015bci jelita grubego. Nast\u0119pnie przez prawie 2 lata (od wrze\u015bnia 2021 roku do maja 2023 roku) by\u0142em Koordynatorem Oddzia\u0142u Chirurgii Og\u00f3lnej Szpitala Powiatowego im. Jana Mikulicza w Biskupcu (wojew\u00f3dztwo warmi\u0144sko-mazurskie).<\/p>\n<p>Bior\u0119 aktywny udzia\u0142 w konferencjach i sympozjach naukowych zar\u00f3wno w kraju jak i poza jego granicami w zakresie problematyki zwi\u0105zanej z proktologi\u0105, chirurgi\u0105 og\u00f3ln\u0105 i onkologiczn\u0105. Jestem autorem i wsp\u00f3\u0142autorem oko\u0142o 200 publikacji w presti\u017cowych czasopismach polskich jak i zagranicznych.<\/p>\n<p>Zajmuj\u0119 si\u0119:<\/p>\n<ol>\n<li>Chirurgi\u0105 nowotwor\u00f3w jamy brzusznej, zw\u0142aszcza \u017co\u0142\u0105dka, trzustki, jelita grubego i odbytu. Domen\u0105 leczenia chirurgicznego s\u0105 operacje miejscowo zaawansowanych guz\u00f3w jelita grubego, a w szczeg\u00f3lno\u015bci odbytnicy zar\u00f3wno po radioterapii jak i po radio- i chemioterapii.<\/li>\n<li>Szczeg\u00f3lnym zainteresowaniem ciesz\u0105 si\u0119 choroby zapalne jelita grubego, takie jak wrzodziej\u0105ce zapalenie jelita grubego oraz powik\u0142ane przypadki choroby Crohna i ich leczenie chirurgiczne.<\/li>\n<li>Zainteresowania zawodowe skupiaj\u0105 si\u0119 wok\u00f3\u0142 diagnostyki i leczenia chor\u00f3b proktologicznych takich jak: przetoki oko\u0142oodbytnicze, ropnie oko\u0142oodbytnicze, szczeliny odbytu, choroba hemoroidalna, torbiel w\u0142osowa i k\u0142ykciny ko\u0144czyste okolicy anorektalnej. W warunkach ambulatoryjnych wykonuj\u0119 zabiegi skleroterapii i podwi\u0105zywania kolumn \u017cylakowych metod\u0105 Barrona w chorobie hemoroidalnej. Wykonuj\u0119 ostrzykni\u0119cia toksyn\u0105 botulinow\u0105 przewlek\u0142ych szczelin odbytu, a tak\u017ce ostrzykni\u0119cia osoczem bogatop\u0142ytkowym szczelin odbytu.<\/li>\n<li>Moje zainteresowania zawodowe skupione s\u0105 tak\u017ce na leczeniu nowotwor\u00f3w sk\u00f3ry, a tak\u017ce zmian wywo\u0142anych przez wirusa HPV w okolicy anorektalnej.<\/li>\n<li>Wykonuj\u0119 w warunkach ambulatoryjnych badania endoskopowe kana\u0142u odbytu i odbytnicy \u2013 czyli anoskopi\u0119 i procto-sigmoidoskopi\u0119 sztywnym wziernikiem.<\/li>\n<\/ol>\n<p><!-- \/epsilon\/appointment --><\/p>\n\n\n<p class=\"has-text-align-center has-large-font-size\"><strong>XXXXXXXXXX   XXXXXXXXXX   XXXXXXXXXX<\/strong><\/p>\n\n\n<div class=\"wp-block-image\">\n<figure class=\"aligncenter size-large\"><img loading=\"lazy\" decoding=\"async\" width=\"753\" height=\"1024\" src=\"https:\/\/konradwronski.pl\/wp-content\/uploads\/2023\/08\/20220413_182918-753x1024.jpg\" alt=\"\" class=\"wp-image-322\" srcset=\"https:\/\/konradwronski.pl\/wp-content\/uploads\/2023\/08\/20220413_182918-753x1024.jpg 753w, https:\/\/konradwronski.pl\/wp-content\/uploads\/2023\/08\/20220413_182918-221x300.jpg 221w, https:\/\/konradwronski.pl\/wp-content\/uploads\/2023\/08\/20220413_182918-768x1044.jpg 768w, https:\/\/konradwronski.pl\/wp-content\/uploads\/2023\/08\/20220413_182918-1129x1536.jpg 1129w, https:\/\/konradwronski.pl\/wp-content\/uploads\/2023\/08\/20220413_182918-1506x2048.jpg 1506w, https:\/\/konradwronski.pl\/wp-content\/uploads\/2023\/08\/20220413_182918-485x660.jpg 485w, https:\/\/konradwronski.pl\/wp-content\/uploads\/2023\/08\/20220413_182918-85x116.jpg 85w, https:\/\/konradwronski.pl\/wp-content\/uploads\/2023\/08\/20220413_182918-scaled.jpg 1882w\" sizes=\"auto, (max-width: 753px) 100vw, 753px\" \/><figcaption class=\"wp-element-caption\"><strong>Doktor Konrad Wro\u0144ski w Klinice \u017bechowicz MEDEUSZ-PLUS w Olsztynie w 2022 roku<\/strong><\/figcaption><\/figure>\n<\/div>\n\n\n<p><\/p>\n","protected":false},"excerpt":{"rendered":"<p>Dr n. med. KONRAD WRO\u0143SKI specjalista chirurgii og\u00f3lnej i onkologicznej, proktolog Jestem absolwentem Wydzia\u0142u Lekarskiego Uniwersytetu Medycznego w \u0141odzi, specjalist\u0105 chirurgii og\u00f3lnej i onkologicznej. Po zako\u0144czeniu studi\u00f3w na Uniwersytecie Medycznym w \u0141odzi, rozpocz\u0105\u0142em studia doktoranckie w Klinice Chirurgii Onkologicznej Uniwersytetu Medycznego w \u0141odzi pod kierunkiem profesora Arkadiusza Jeziorskiego. Po 4-ech latach nauki obroni\u0142em doktorat z [&hellip;]<\/p>\n","protected":false},"author":1,"featured_media":0,"parent":0,"menu_order":0,"comment_status":"closed","ping_status":"closed","template":"","meta":{"ngg_post_thumbnail":0,"footnotes":""},"class_list":["post-73","page","type-page","status-publish","hentry"],"_links":{"self":[{"href":"https:\/\/konradwronski.pl\/index.php\/wp-json\/wp\/v2\/pages\/73","targetHints":{"allow":["GET"]}}],"collection":[{"href":"https:\/\/konradwronski.pl\/index.php\/wp-json\/wp\/v2\/pages"}],"about":[{"href":"https:\/\/konradwronski.pl\/index.php\/wp-json\/wp\/v2\/types\/page"}],"author":[{"embeddable":true,"href":"https:\/\/konradwronski.pl\/index.php\/wp-json\/wp\/v2\/users\/1"}],"replies":[{"embeddable":true,"href":"https:\/\/konradwronski.pl\/index.php\/wp-json\/wp\/v2\/comments?post=73"}],"version-history":[{"count":45,"href":"https:\/\/konradwronski.pl\/index.php\/wp-json\/wp\/v2\/pages\/73\/revisions"}],"predecessor-version":[{"id":440,"href":"https:\/\/konradwronski.pl\/index.php\/wp-json\/wp\/v2\/pages\/73\/revisions\/440"}],"wp:attachment":[{"href":"https:\/\/konradwronski.pl\/index.php\/wp-json\/wp\/v2\/media?parent=73"}],"curies":[{"name":"wp","href":"https:\/\/api.w.org\/{rel}","templated":true}]}}